{"id":892,"date":"2012-08-26T20:34:04","date_gmt":"2012-08-26T19:34:04","guid":{"rendered":"http:\/\/bonebrass.ophetweb.nu\/?page_id=892"},"modified":"2019-06-28T11:06:33","modified_gmt":"2019-06-28T10:06:33","slug":"posaunenrepertoire","status":"publish","type":"page","link":"https:\/\/bonebrass.nl\/index.php\/deutsch\/posaunenrepertoire\/","title":{"rendered":"Posaunen Repertoire"},"content":{"rendered":"<p>&nbsp;<\/p>\n<hr \/>\n<p><span style=\"font-size: 12pt; font-family: 'trebuchet ms', geneva; color: #000080;\"><strong>Menschen lieben Musik:<\/strong><\/span><\/p>\n<p><span style=\"font-size: 12pt; font-family: 'trebuchet ms', geneva; color: #000000;\">Der Ton klingt vom Klangbecher ins Ohr. Akustische Musik gibt Ruhe und Entspannung. Musik l\u00e4sst vergessen und entspannt den Geist. Blechblasinstrumente wurden in ihrer Geschichte unter anderem f\u00fcr \u201efestliche\u201c und \u201eernste\u201c Momente eingesetzt. Sie geben jeder Gelegenheit einen besonderen Glanz.<\/span><\/p>\n<p><span style=\"font-size: 12pt; font-family: 'trebuchet ms', geneva; color: #8f5e5d;\"><a href=\"http:\/\/bonebrass.nl\/wp-content\/uploads\/2017\/03\/bbj8.jpg\"><img loading=\"lazy\" decoding=\"async\" class=\"aligncenter size-full wp-image-3971\" src=\"http:\/\/bonebrass.nl\/wp-content\/uploads\/2017\/03\/bbj8.jpg\" alt=\"\" width=\"640\" height=\"360\" srcset=\"https:\/\/bonebrass.nl\/wp-content\/uploads\/2017\/03\/bbj8.jpg 640w, https:\/\/bonebrass.nl\/wp-content\/uploads\/2017\/03\/bbj8-300x169.jpg 300w, https:\/\/bonebrass.nl\/wp-content\/uploads\/2017\/03\/bbj8-600x338.jpg 600w\" sizes=\"auto, (max-width: 640px) 100vw, 640px\" \/><\/a><span style=\"color: #000000;\">BoneBrass steht in dieser Tradition. Musik f\u00fcr Jedermann, sowohl urspr\u00fcnglich oder arrangiert f\u00fcr Posaunenquartett. Musik die wir Enthusiast pr\u00e4sentieren mit Text.<\/span><\/span><br \/>\n<span style=\"font-size: 12pt; font-family: 'trebuchet ms', geneva; color: #000000;\"> Das Repertoire umfasst mehr als 200 St\u00fccke, f\u00fcr jede Gelegenheit, variierend von der sp\u00e4ten Renaissance bis Modern, sowohl Klassik als auch Jazz, von Majest\u00e4tisch bis Swing. F\u00fcr den Zuh\u00f6rer ist es immer wieder \u00fcberraschend was so ein Allround Programm zu bieten hat.<\/span><\/p>\n<p><span style=\"font-size: 12pt; font-family: 'trebuchet ms', geneva; color: #000000;\">Das Programm wird immer in Absprache mit der buchenden Organisation festgestellt. Wir k\u00f6nnen dabei auch Zusammenarbeiten mit anderen (vokalen) Solisten, Sprechern, Kabarettiers, Orchestern, Ch\u00f6ren und Ensembles.<\/span><\/p>\n<p><span style=\"font-size: 12pt; font-family: 'trebuchet ms', geneva; color: #8f5e5d;\">\u00a0<\/span><\/p>\n<hr \/>\n<p><span style=\"font-size: 12pt;\"><span style=\"font-family: 'trebuchet ms', geneva; color: #8f5e5d;\">\u00a0<\/span><span style=\"font-family: 'trebuchet ms', geneva; color: #8f5e5d;\"><span style=\"color: #000080;\">Posaunenquartett Musik:<\/span>\u00a0\u00a0<span style=\"color: #000000;\">BoneBrass Arrangements herausgegeben von BRONSHEIM MUSIC.<\/span><\/span><\/span><\/p>\n<p><span style=\"font-size: 12pt; color: #000000;\">\u00a0<\/span><\/p>\n<p><span style=\"font-family: 'trebuchet ms', geneva; color: #8f5e5d; font-size: 12pt;\"><span style=\"color: #000000;\">Klicken sie auf das Logo\u00a0<\/span><a href=\"http:\/\/www.bonebrass.nl\/index.php\/trombone-bladmuziek-bronsheim\/\"><span style=\"color: #8f5e5d;\"><img loading=\"lazy\" decoding=\"async\" class=\"size-full wp-image-2044 alignleft\" src=\"http:\/\/bonebrass.nl\/wp-content\/uploads\/2013\/03\/logo.png\" alt=\"Bronsheim\" width=\"462\" height=\"59\" srcset=\"https:\/\/bonebrass.nl\/wp-content\/uploads\/2013\/03\/logo.png 462w, https:\/\/bonebrass.nl\/wp-content\/uploads\/2013\/03\/logo-300x38.png 300w\" sizes=\"auto, (max-width: 462px) 100vw, 462px\" \/><\/span><\/a><\/span><\/p>\n<p><span style=\"font-family: 'trebuchet ms', geneva; color: #8f5e5d; font-size: 12pt;\">\u00a0<\/span><\/p>\n","protected":false},"excerpt":{"rendered":"<p>&nbsp; Menschen lieben Musik: Der Ton klingt vom Klangbecher ins Ohr. Akustische Musik gibt Ruhe und Entspannung. Musik l\u00e4sst vergessen und entspannt den Geist. Blechblasinstrumente wurden in ihrer Geschichte unter anderem f\u00fcr \u201efestliche\u201c und \u201eernste\u201c Momente eingesetzt. Sie geben jeder Gelegenheit einen besonderen Glanz. BoneBrass steht in dieser Tradition. Musik f\u00fcr Jedermann, sowohl urspr\u00fcnglich oder &#8230; <a title=\"Posaunen Repertoire\" class=\"read-more\" href=\"https:\/\/bonebrass.nl\/index.php\/deutsch\/posaunenrepertoire\/\" aria-label=\"Lees meer over Posaunen Repertoire\">Lees verder<\/a><\/p>\n","protected":false},"author":2,"featured_media":0,"parent":839,"menu_order":2,"comment_status":"closed","ping_status":"open","template":"","meta":{"footnotes":""},"class_list":["post-892","page","type-page","status-publish"],"yoast_head":"<!-- This site is optimized with the Yoast SEO plugin v26.2 - https:\/\/yoast.com\/wordpress\/plugins\/seo\/ -->\n<title>Posaunen repertoire BoneBrass<\/title>\n<meta name=\"description\" content=\"Posaunen repertoire BoneBrass\" \/>\n<meta name=\"robots\" content=\"index, follow, max-snippet:-1, max-image-preview:large, max-video-preview:-1\" \/>\n<link rel=\"canonical\" href=\"https:\/\/bonebrass.nl\/index.php\/deutsch\/posaunenrepertoire\/\" \/>\n<meta property=\"og:locale\" content=\"nl_NL\" \/>\n<meta property=\"og:type\" content=\"article\" \/>\n<meta property=\"og:title\" content=\"Posaunen repertoire BoneBrass\" \/>\n<meta property=\"og:description\" content=\"Posaunen repertoire BoneBrass\" \/>\n<meta property=\"og:url\" content=\"https:\/\/bonebrass.nl\/index.php\/deutsch\/posaunenrepertoire\/\" \/>\n<meta property=\"og:site_name\" content=\"BoneBrass\" \/>\n<meta property=\"article:publisher\" content=\"https:\/\/nl-nl.facebook.com\/BoneBrass-Trombone-Ensemble-1498259987130764\/\" \/>\n<meta property=\"article:modified_time\" content=\"2019-06-28T10:06:33+00:00\" \/>\n<meta property=\"og:image\" content=\"http:\/\/bonebrass.nl\/wp-content\/uploads\/2017\/03\/bbj8.jpg\" \/>\n<meta name=\"twitter:label1\" content=\"Geschatte leestijd\" \/>\n\t<meta name=\"twitter:data1\" content=\"1 minuut\" \/>\n<script type=\"application\/ld+json\" class=\"yoast-schema-graph\">{\"@context\":\"https:\/\/schema.org\",\"@graph\":[{\"@type\":\"WebPage\",\"@id\":\"https:\/\/bonebrass.nl\/index.php\/deutsch\/posaunenrepertoire\/\",\"url\":\"https:\/\/bonebrass.nl\/index.php\/deutsch\/posaunenrepertoire\/\",\"name\":\"Posaunen repertoire BoneBrass\",\"isPartOf\":{\"@id\":\"https:\/\/bonebrass.nl\/#website\"},\"primaryImageOfPage\":{\"@id\":\"https:\/\/bonebrass.nl\/index.php\/deutsch\/posaunenrepertoire\/#primaryimage\"},\"image\":{\"@id\":\"https:\/\/bonebrass.nl\/index.php\/deutsch\/posaunenrepertoire\/#primaryimage\"},\"thumbnailUrl\":\"http:\/\/bonebrass.nl\/wp-content\/uploads\/2017\/03\/bbj8.jpg\",\"datePublished\":\"2012-08-26T19:34:04+00:00\",\"dateModified\":\"2019-06-28T10:06:33+00:00\",\"description\":\"Posaunen repertoire BoneBrass\",\"breadcrumb\":{\"@id\":\"https:\/\/bonebrass.nl\/index.php\/deutsch\/posaunenrepertoire\/#breadcrumb\"},\"inLanguage\":\"nl-NL\",\"potentialAction\":[{\"@type\":\"ReadAction\",\"target\":[\"https:\/\/bonebrass.nl\/index.php\/deutsch\/posaunenrepertoire\/\"]}]},{\"@type\":\"ImageObject\",\"inLanguage\":\"nl-NL\",\"@id\":\"https:\/\/bonebrass.nl\/index.php\/deutsch\/posaunenrepertoire\/#primaryimage\",\"url\":\"http:\/\/bonebrass.nl\/wp-content\/uploads\/2017\/03\/bbj8.jpg\",\"contentUrl\":\"http:\/\/bonebrass.nl\/wp-content\/uploads\/2017\/03\/bbj8.jpg\"},{\"@type\":\"BreadcrumbList\",\"@id\":\"https:\/\/bonebrass.nl\/index.php\/deutsch\/posaunenrepertoire\/#breadcrumb\",\"itemListElement\":[{\"@type\":\"ListItem\",\"position\":1,\"name\":\"Home\",\"item\":\"https:\/\/bonebrass.nl\/\"},{\"@type\":\"ListItem\",\"position\":2,\"name\":\"Deutsch\",\"item\":\"https:\/\/bonebrass.nl\/index.php\/deutsch\/\"},{\"@type\":\"ListItem\",\"position\":3,\"name\":\"Posaunen Repertoire\"}]},{\"@type\":\"WebSite\",\"@id\":\"https:\/\/bonebrass.nl\/#website\",\"url\":\"https:\/\/bonebrass.nl\/\",\"name\":\"BoneBrass\",\"description\":\"trombone ensemble\",\"publisher\":{\"@id\":\"https:\/\/bonebrass.nl\/#organization\"},\"potentialAction\":[{\"@type\":\"SearchAction\",\"target\":{\"@type\":\"EntryPoint\",\"urlTemplate\":\"https:\/\/bonebrass.nl\/?s={search_term_string}\"},\"query-input\":{\"@type\":\"PropertyValueSpecification\",\"valueRequired\":true,\"valueName\":\"search_term_string\"}}],\"inLanguage\":\"nl-NL\"},{\"@type\":\"Organization\",\"@id\":\"https:\/\/bonebrass.nl\/#organization\",\"name\":\"BoneBrass\",\"url\":\"https:\/\/bonebrass.nl\/\",\"logo\":{\"@type\":\"ImageObject\",\"inLanguage\":\"nl-NL\",\"@id\":\"https:\/\/bonebrass.nl\/#\/schema\/logo\/image\/\",\"url\":\"https:\/\/bonebrass.nl\/wp-content\/uploads\/2020\/02\/cropped-53C8056A-40E7-458A-99CE-A10529376052_1_201_a.jpeg\",\"contentUrl\":\"https:\/\/bonebrass.nl\/wp-content\/uploads\/2020\/02\/cropped-53C8056A-40E7-458A-99CE-A10529376052_1_201_a.jpeg\",\"width\":654,\"height\":229,\"caption\":\"BoneBrass\"},\"image\":{\"@id\":\"https:\/\/bonebrass.nl\/#\/schema\/logo\/image\/\"},\"sameAs\":[\"https:\/\/nl-nl.facebook.com\/BoneBrass-Trombone-Ensemble-1498259987130764\/\",\"https:\/\/www.youtube.com\/user\/BoneBrass\/featured?disable_polymer=1\"]}]}<\/script>\n<!-- \/ Yoast SEO plugin. -->","yoast_head_json":{"title":"Posaunen repertoire BoneBrass","description":"Posaunen repertoire BoneBrass","robots":{"index":"index","follow":"follow","max-snippet":"max-snippet:-1","max-image-preview":"max-image-preview:large","max-video-preview":"max-video-preview:-1"},"canonical":"https:\/\/bonebrass.nl\/index.php\/deutsch\/posaunenrepertoire\/","og_locale":"nl_NL","og_type":"article","og_title":"Posaunen repertoire BoneBrass","og_description":"Posaunen repertoire BoneBrass","og_url":"https:\/\/bonebrass.nl\/index.php\/deutsch\/posaunenrepertoire\/","og_site_name":"BoneBrass","article_publisher":"https:\/\/nl-nl.facebook.com\/BoneBrass-Trombone-Ensemble-1498259987130764\/","article_modified_time":"2019-06-28T10:06:33+00:00","og_image":[{"url":"http:\/\/bonebrass.nl\/wp-content\/uploads\/2017\/03\/bbj8.jpg","type":"","width":"","height":""}],"twitter_misc":{"Geschatte leestijd":"1 minuut"},"schema":{"@context":"https:\/\/schema.org","@graph":[{"@type":"WebPage","@id":"https:\/\/bonebrass.nl\/index.php\/deutsch\/posaunenrepertoire\/","url":"https:\/\/bonebrass.nl\/index.php\/deutsch\/posaunenrepertoire\/","name":"Posaunen repertoire BoneBrass","isPartOf":{"@id":"https:\/\/bonebrass.nl\/#website"},"primaryImageOfPage":{"@id":"https:\/\/bonebrass.nl\/index.php\/deutsch\/posaunenrepertoire\/#primaryimage"},"image":{"@id":"https:\/\/bonebrass.nl\/index.php\/deutsch\/posaunenrepertoire\/#primaryimage"},"thumbnailUrl":"http:\/\/bonebrass.nl\/wp-content\/uploads\/2017\/03\/bbj8.jpg","datePublished":"2012-08-26T19:34:04+00:00","dateModified":"2019-06-28T10:06:33+00:00","description":"Posaunen repertoire BoneBrass","breadcrumb":{"@id":"https:\/\/bonebrass.nl\/index.php\/deutsch\/posaunenrepertoire\/#breadcrumb"},"inLanguage":"nl-NL","potentialAction":[{"@type":"ReadAction","target":["https:\/\/bonebrass.nl\/index.php\/deutsch\/posaunenrepertoire\/"]}]},{"@type":"ImageObject","inLanguage":"nl-NL","@id":"https:\/\/bonebrass.nl\/index.php\/deutsch\/posaunenrepertoire\/#primaryimage","url":"http:\/\/bonebrass.nl\/wp-content\/uploads\/2017\/03\/bbj8.jpg","contentUrl":"http:\/\/bonebrass.nl\/wp-content\/uploads\/2017\/03\/bbj8.jpg"},{"@type":"BreadcrumbList","@id":"https:\/\/bonebrass.nl\/index.php\/deutsch\/posaunenrepertoire\/#breadcrumb","itemListElement":[{"@type":"ListItem","position":1,"name":"Home","item":"https:\/\/bonebrass.nl\/"},{"@type":"ListItem","position":2,"name":"Deutsch","item":"https:\/\/bonebrass.nl\/index.php\/deutsch\/"},{"@type":"ListItem","position":3,"name":"Posaunen Repertoire"}]},{"@type":"WebSite","@id":"https:\/\/bonebrass.nl\/#website","url":"https:\/\/bonebrass.nl\/","name":"BoneBrass","description":"trombone ensemble","publisher":{"@id":"https:\/\/bonebrass.nl\/#organization"},"potentialAction":[{"@type":"SearchAction","target":{"@type":"EntryPoint","urlTemplate":"https:\/\/bonebrass.nl\/?s={search_term_string}"},"query-input":{"@type":"PropertyValueSpecification","valueRequired":true,"valueName":"search_term_string"}}],"inLanguage":"nl-NL"},{"@type":"Organization","@id":"https:\/\/bonebrass.nl\/#organization","name":"BoneBrass","url":"https:\/\/bonebrass.nl\/","logo":{"@type":"ImageObject","inLanguage":"nl-NL","@id":"https:\/\/bonebrass.nl\/#\/schema\/logo\/image\/","url":"https:\/\/bonebrass.nl\/wp-content\/uploads\/2020\/02\/cropped-53C8056A-40E7-458A-99CE-A10529376052_1_201_a.jpeg","contentUrl":"https:\/\/bonebrass.nl\/wp-content\/uploads\/2020\/02\/cropped-53C8056A-40E7-458A-99CE-A10529376052_1_201_a.jpeg","width":654,"height":229,"caption":"BoneBrass"},"image":{"@id":"https:\/\/bonebrass.nl\/#\/schema\/logo\/image\/"},"sameAs":["https:\/\/nl-nl.facebook.com\/BoneBrass-Trombone-Ensemble-1498259987130764\/","https:\/\/www.youtube.com\/user\/BoneBrass\/featured?disable_polymer=1"]}]}},"_links":{"self":[{"href":"https:\/\/bonebrass.nl\/index.php\/wp-json\/wp\/v2\/pages\/892","targetHints":{"allow":["GET"]}}],"collection":[{"href":"https:\/\/bonebrass.nl\/index.php\/wp-json\/wp\/v2\/pages"}],"about":[{"href":"https:\/\/bonebrass.nl\/index.php\/wp-json\/wp\/v2\/types\/page"}],"author":[{"embeddable":true,"href":"https:\/\/bonebrass.nl\/index.php\/wp-json\/wp\/v2\/users\/2"}],"replies":[{"embeddable":true,"href":"https:\/\/bonebrass.nl\/index.php\/wp-json\/wp\/v2\/comments?post=892"}],"version-history":[{"count":0,"href":"https:\/\/bonebrass.nl\/index.php\/wp-json\/wp\/v2\/pages\/892\/revisions"}],"up":[{"embeddable":true,"href":"https:\/\/bonebrass.nl\/index.php\/wp-json\/wp\/v2\/pages\/839"}],"wp:attachment":[{"href":"https:\/\/bonebrass.nl\/index.php\/wp-json\/wp\/v2\/media?parent=892"}],"curies":[{"name":"wp","href":"https:\/\/api.w.org\/{rel}","templated":true}]}}